{"id":781,"date":"2025-10-19T11:19:45","date_gmt":"2025-10-19T11:19:45","guid":{"rendered":"https:\/\/sandoba.fr\/?page_id=781"},"modified":"2025-10-22T16:53:55","modified_gmt":"2025-10-22T16:53:55","slug":"presentation","status":"publish","type":"page","link":"https:\/\/sandoba.fr\/index.php\/presentation\/","title":{"rendered":"Pr\u00e9sentation"},"content":{"rendered":"\t\t<div data-elementor-type=\"wp-page\" data-elementor-id=\"781\" class=\"elementor elementor-781\">\n\t\t\t\t<div class=\"elementor-element elementor-element-c87425d e-flex e-con-boxed e-con e-parent\" data-id=\"c87425d\" data-element_type=\"container\">\n\t\t\t\t\t<div class=\"e-con-inner\">\n\t\t\t\t<div class=\"elementor-element elementor-element-e4eeef4 elementor-widget elementor-widget-image\" data-id=\"e4eeef4\" data-element_type=\"widget\" data-widget_type=\"image.default\">\n\t\t\t\t\t\t\t\t\t\t\t\t\t\t\t<img fetchpriority=\"high\" decoding=\"async\" width=\"1024\" height=\"683\" src=\"https:\/\/sandoba.fr\/wp-content\/uploads\/2025\/10\/Pose-baba-bleu-1024x683.jpg\" class=\"attachment-large size-large wp-image-796\" alt=\"La batucada Sandoba prend la pause \u00e0 la fin d&#039;un morceau\" srcset=\"https:\/\/sandoba.fr\/wp-content\/uploads\/2025\/10\/Pose-baba-bleu-1024x683.jpg 1024w, https:\/\/sandoba.fr\/wp-content\/uploads\/2025\/10\/Pose-baba-bleu-300x200.jpg 300w, https:\/\/sandoba.fr\/wp-content\/uploads\/2025\/10\/Pose-baba-bleu-768x512.jpg 768w, https:\/\/sandoba.fr\/wp-content\/uploads\/2025\/10\/Pose-baba-bleu-1536x1024.jpg 1536w, https:\/\/sandoba.fr\/wp-content\/uploads\/2025\/10\/Pose-baba-bleu-2048x1365.jpg 2048w\" sizes=\"(max-width: 1024px) 100vw, 1024px\" \/>\t\t\t\t\t\t\t\t\t\t\t\t\t\t\t<\/div>\n\t\t\t\t\t<\/div>\n\t\t\t\t<\/div>\n\t\t<div class=\"elementor-element elementor-element-bd25239 e-flex e-con-boxed e-con e-parent\" data-id=\"bd25239\" data-element_type=\"container\">\n\t\t\t\t\t<div class=\"e-con-inner\">\n\t\t\t\t<div class=\"elementor-element elementor-element-dc63915 elementor-widget elementor-widget-heading\" data-id=\"dc63915\" data-element_type=\"widget\" data-widget_type=\"heading.default\">\n\t\t\t\t\t<h2 class=\"elementor-heading-title elementor-size-default\">Qui sommes-nous ? <\/h2>\t\t\t\t<\/div>\n\t\t\t\t<div class=\"elementor-element elementor-element-a108799 elementor-widget elementor-widget-text-editor\" data-id=\"a108799\" data-element_type=\"widget\" data-widget_type=\"text-editor.default\">\n\t\t\t\t\t\t\t\t\t<p>Peut \u00eatre que le plus simple pour nous pr\u00e9senter est de passer par le chant qui ouvre un de nos morceaux.<\/p>\t\t\t\t\t\t\t\t<\/div>\n\t\t\t\t\t<\/div>\n\t\t\t\t<\/div>\n\t\t<div class=\"elementor-element elementor-element-40ee378 e-grid e-con-boxed e-con e-parent\" data-id=\"40ee378\" data-element_type=\"container\">\n\t\t\t\t\t<div class=\"e-con-inner\">\n\t\t\t\t<div class=\"elementor-element elementor-element-9b9ed85 elementor-widget elementor-widget-text-editor\" data-id=\"9b9ed85\" data-element_type=\"widget\" data-widget_type=\"text-editor.default\">\n\t\t\t\t\t\t\t\t\t<p>Somos a batucada<\/p><p>Azul e amarelha<\/p><p>Somos juntos na musica\u00a0<\/p><p>Pra deixa alegria<\/p><p>\u00a0<\/p><p>Vamos tocar<\/p><p>Vamos dan\u00e7ar<\/p><div>\u00a0<\/div>\t\t\t\t\t\t\t\t<\/div>\n\t\t\t\t<div class=\"elementor-element elementor-element-06c9bc9 elementor-widget elementor-widget-text-editor\" data-id=\"06c9bc9\" data-element_type=\"widget\" data-widget_type=\"text-editor.default\">\n\t\t\t\t\t\t\t\t\t<p>Nous sommes la batucada bleue et jaune<\/p><p>La musique nous r\u00e9unit pour diffuser de la joie<\/p><p>Allons jouer, allons danser !<\/p><p><span style=\"font-size: 14px;\">\u00a0<\/span><\/p><p><span style=\"font-size: 14px;\"><span style=\"font-weight: normal;\"><i>On est d&rsquo;accord, \u00e7a rend mieux en portugais \ud83d\ude09<\/i><\/span>\u00a0<\/span><\/p>\t\t\t\t\t\t\t\t<\/div>\n\t\t\t\t\t<\/div>\n\t\t\t\t<\/div>\n\t\t<div class=\"elementor-element elementor-element-201c522 e-flex e-con-boxed e-con e-parent\" data-id=\"201c522\" data-element_type=\"container\">\n\t\t\t\t\t<div class=\"e-con-inner\">\n\t\t\t\t<div class=\"elementor-element elementor-element-c0ba037 elementor-align-center elementor-widget elementor-widget-button\" data-id=\"c0ba037\" data-element_type=\"widget\" data-widget_type=\"button.default\">\n\t\t\t\t\t\t\t\t\t\t<a class=\"elementor-button elementor-button-link elementor-size-sm\" href=\"index.php\/nos-prochaines-dates\/\">\n\t\t\t\t\t\t<span class=\"elementor-button-content-wrapper\">\n\t\t\t\t\t\t\t\t\t<span class=\"elementor-button-text\">Nos prochaines dates<\/span>\n\t\t\t\t\t<\/span>\n\t\t\t\t\t<\/a>\n\t\t\t\t\t\t\t\t<\/div>\n\t\t\t\t\t<\/div>\n\t\t\t\t<\/div>\n\t\t<div class=\"elementor-element elementor-element-a9f710a e-flex e-con-boxed e-con e-parent\" data-id=\"a9f710a\" data-element_type=\"container\" data-settings=\"{&quot;background_background&quot;:&quot;classic&quot;}\">\n\t\t\t\t\t<div class=\"e-con-inner\">\n\t\t\t\t<div class=\"elementor-element elementor-element-1449dfb elementor-widget elementor-widget-heading\" data-id=\"1449dfb\" data-element_type=\"widget\" data-widget_type=\"heading.default\">\n\t\t\t\t\t<h2 class=\"elementor-heading-title elementor-size-default\">Pr\u00e9sentation des instruments<\/h2>\t\t\t\t<\/div>\n\t\t\t\t<div class=\"elementor-element elementor-element-40962c6 elementor-arrows-position-outside elementor-pagination-position-outside elementor-widget elementor-widget-image-carousel\" data-id=\"40962c6\" data-element_type=\"widget\" data-settings=\"{&quot;navigation&quot;:&quot;both&quot;,&quot;autoplay&quot;:&quot;yes&quot;,&quot;pause_on_hover&quot;:&quot;yes&quot;,&quot;pause_on_interaction&quot;:&quot;yes&quot;,&quot;autoplay_speed&quot;:5000,&quot;infinite&quot;:&quot;yes&quot;,&quot;speed&quot;:500}\" data-widget_type=\"image-carousel.default\">\n\t\t\t\t\t\t\t<div class=\"elementor-image-carousel-wrapper swiper\" role=\"region\" aria-roledescription=\"carousel\" aria-label=\"Image Carousel\" dir=\"ltr\">\n\t\t\t<div class=\"elementor-image-carousel swiper-wrapper\" aria-live=\"off\">\n\t\t\t\t\t\t\t\t<div class=\"swiper-slide\" role=\"group\" aria-roledescription=\"slide\" aria-label=\"1 sur 6\"><figure class=\"swiper-slide-inner\"><img decoding=\"async\" class=\"swiper-slide-image\" src=\"https:\/\/sandoba.fr\/wp-content\/uploads\/elementor\/thumbs\/DSC4713-scaled-e1760873361219-rdfo2y9w3nk9bxj9l3n0pcpoiqwkb7teijbw2hl0hk.jpg\" alt=\"Repinik\" \/><figcaption class=\"elementor-image-carousel-caption\">Le r\u00e9pinique, tambour l\u00e9ger, lance les appels, les questions auxquels r\u00e9pondent les autres instruments. Une mani\u00e8re de mener la batucada, litt\u00e9ralement, \u00e0 la baguette.<\/figcaption><\/figure><\/div><div class=\"swiper-slide\" role=\"group\" aria-roledescription=\"slide\" aria-label=\"2 sur 6\"><figure class=\"swiper-slide-inner\"><img decoding=\"async\" class=\"swiper-slide-image\" src=\"https:\/\/sandoba.fr\/wp-content\/uploads\/elementor\/thumbs\/DSC4705-scaled-e1760873453262-rdfo5cr1keun021nk50p2qw3672bzdcpifck7y0sl4.jpg\" alt=\"_DSC4705\" \/><figcaption class=\"elementor-image-carousel-caption\">Au sein des surdos, tambours appel\u00e9s ainsi car ils \u00e9mettent un son sourd, on trouve les marqueurs, qui g\u00e9n\u00e9ralement donnent la mesure, marquent les temps forts ,et les coupeurs, qui jouent une m\u00e9lodie sur ce tempo, jouant une figure rythmique compl\u00e9mentaire.\n<\/figcaption><\/figure><\/div><div class=\"swiper-slide\" role=\"group\" aria-roledescription=\"slide\" aria-label=\"3 sur 6\"><figure class=\"swiper-slide-inner\"><img decoding=\"async\" class=\"swiper-slide-image\" src=\"https:\/\/sandoba.fr\/wp-content\/uploads\/elementor\/thumbs\/Caixa-a-telecharger-scaled-rdfmko3ff394umdtk4xn7judioggshbg1v1fc82htk.jpg\" alt=\"Caixa\" \/><figcaption class=\"elementor-image-carousel-caption\">La caixa, ou caisse claire, moteur qui contribue \u00e0 ce que nous gardions le rythme en posant un tapis de double-croches.<\/figcaption><\/figure><\/div><div class=\"swiper-slide\" role=\"group\" aria-roledescription=\"slide\" aria-label=\"4 sur 6\"><figure class=\"swiper-slide-inner\"><img decoding=\"async\" class=\"swiper-slide-image\" src=\"https:\/\/sandoba.fr\/wp-content\/uploads\/elementor\/thumbs\/DSC4714-scaled-e1760873533581-rdfo7fy4r5pksv0fd1ium7wyp0rp35n8grjem2xarc.jpg\" alt=\"Chocalho\" \/><figcaption class=\"elementor-image-carousel-caption\">Les chocalhos soutiennent les caisses claires avec leurs cymbalettes et donnent du groove.<\/figcaption><\/figure><\/div><div class=\"swiper-slide\" role=\"group\" aria-roledescription=\"slide\" aria-label=\"5 sur 6\"><figure class=\"swiper-slide-inner\"><img decoding=\"async\" class=\"swiper-slide-image\" src=\"https:\/\/sandoba.fr\/wp-content\/uploads\/elementor\/thumbs\/DSC4712-scaled-e1760873558776-rdfo83g3i0lqv42ajtoiujzhjnjvfl8ivzujlzygfs.jpg\" alt=\"Agogo\" \/><figcaption class=\"elementor-image-carousel-caption\">L'agogo, ou cloches, joue une autre m\u00e9lodie compl\u00e9mentaire au rythme entra\u00eenant.<\/figcaption><\/figure><\/div><div class=\"swiper-slide\" role=\"group\" aria-roledescription=\"slide\" aria-label=\"6 sur 6\"><figure class=\"swiper-slide-inner\"><img decoding=\"async\" class=\"swiper-slide-image\" src=\"https:\/\/sandoba.fr\/wp-content\/uploads\/elementor\/thumbs\/Angel-sourire-deambul-scaled-e1760873602183-rdfo98szuq6d1ye7ubk3w9jrolw0u9sppojwq694u0.jpg\" alt=\"Tambourins\" \/><figcaption class=\"elementor-image-carousel-caption\">Le tamborim vient apporter une troisi\u00e8me voix, comme un soliste rythmique, souvent en compl\u00e9ment du r\u00e9pinique\n<\/figcaption><\/figure><\/div>\t\t\t<\/div>\n\t\t\t\t\t\t\t\t\t\t\t\t<div class=\"elementor-swiper-button elementor-swiper-button-prev\" role=\"button\" tabindex=\"0\">\n\t\t\t\t\t\t<svg aria-hidden=\"true\" class=\"e-font-icon-svg e-eicon-chevron-left\" viewBox=\"0 0 1000 1000\" xmlns=\"http:\/\/www.w3.org\/2000\/svg\"><path d=\"M646 125C629 125 613 133 604 142L308 442C296 454 292 471 292 487 292 504 296 521 308 533L604 854C617 867 629 875 646 875 663 875 679 871 692 858 704 846 713 829 713 812 713 796 708 779 692 767L438 487 692 225C700 217 708 204 708 187 708 171 704 154 692 142 675 129 663 125 646 125Z\"><\/path><\/svg>\t\t\t\t\t<\/div>\n\t\t\t\t\t<div class=\"elementor-swiper-button elementor-swiper-button-next\" role=\"button\" tabindex=\"0\">\n\t\t\t\t\t\t<svg aria-hidden=\"true\" class=\"e-font-icon-svg e-eicon-chevron-right\" viewBox=\"0 0 1000 1000\" xmlns=\"http:\/\/www.w3.org\/2000\/svg\"><path d=\"M696 533C708 521 713 504 713 487 713 471 708 454 696 446L400 146C388 133 375 125 354 125 338 125 325 129 313 142 300 154 292 171 292 187 292 204 296 221 308 233L563 492 304 771C292 783 288 800 288 817 288 833 296 850 308 863 321 871 338 875 354 875 371 875 388 867 400 854L696 533Z\"><\/path><\/svg>\t\t\t\t\t<\/div>\n\t\t\t\t\n\t\t\t\t\t\t\t\t\t<div class=\"swiper-pagination\"><\/div>\n\t\t\t\t\t\t\t\t\t<\/div>\n\t\t\t\t\t\t<\/div>\n\t\t\t\t\t<\/div>\n\t\t\t\t<\/div>\n\t\t\t\t<\/div>\n\t\t","protected":false},"excerpt":{"rendered":"<p>Qui sommes-nous ? Peut \u00eatre que le plus simple pour nous pr\u00e9senter est de passer par le chant qui ouvre un de nos morceaux. Somos a batucada Azul e amarelha Somos juntos na musica\u00a0 Pra deixa alegria \u00a0 Vamos tocar Vamos dan\u00e7ar \u00a0 Nous sommes la batucada bleue et jaune La musique nous r\u00e9unit pour [&hellip;]<\/p>\n","protected":false},"author":1,"featured_media":0,"parent":0,"menu_order":0,"comment_status":"closed","ping_status":"closed","template":"elementor_header_footer","meta":{"ocean_post_layout":"","ocean_both_sidebars_style":"","ocean_both_sidebars_content_width":0,"ocean_both_sidebars_sidebars_width":0,"ocean_sidebar":"","ocean_second_sidebar":"","ocean_disable_margins":"enable","ocean_add_body_class":"","ocean_shortcode_before_top_bar":"","ocean_shortcode_after_top_bar":"","ocean_shortcode_before_header":"","ocean_shortcode_after_header":"","ocean_has_shortcode":"","ocean_shortcode_after_title":"","ocean_shortcode_before_footer_widgets":"","ocean_shortcode_after_footer_widgets":"","ocean_shortcode_before_footer_bottom":"","ocean_shortcode_after_footer_bottom":"","ocean_display_top_bar":"default","ocean_display_header":"default","ocean_header_style":"","ocean_center_header_left_menu":"","ocean_custom_header_template":"","ocean_custom_logo":0,"ocean_custom_retina_logo":0,"ocean_custom_logo_max_width":0,"ocean_custom_logo_tablet_max_width":0,"ocean_custom_logo_mobile_max_width":0,"ocean_custom_logo_max_height":0,"ocean_custom_logo_tablet_max_height":0,"ocean_custom_logo_mobile_max_height":0,"ocean_header_custom_menu":"","ocean_menu_typo_font_family":"","ocean_menu_typo_font_subset":"","ocean_menu_typo_font_size":0,"ocean_menu_typo_font_size_tablet":0,"ocean_menu_typo_font_size_mobile":0,"ocean_menu_typo_font_size_unit":"px","ocean_menu_typo_font_weight":"","ocean_menu_typo_font_weight_tablet":"","ocean_menu_typo_font_weight_mobile":"","ocean_menu_typo_transform":"","ocean_menu_typo_transform_tablet":"","ocean_menu_typo_transform_mobile":"","ocean_menu_typo_line_height":0,"ocean_menu_typo_line_height_tablet":0,"ocean_menu_typo_line_height_mobile":0,"ocean_menu_typo_line_height_unit":"","ocean_menu_typo_spacing":0,"ocean_menu_typo_spacing_tablet":0,"ocean_menu_typo_spacing_mobile":0,"ocean_menu_typo_spacing_unit":"","ocean_menu_link_color":"","ocean_menu_link_color_hover":"","ocean_menu_link_color_active":"","ocean_menu_link_background":"","ocean_menu_link_hover_background":"","ocean_menu_link_active_background":"","ocean_menu_social_links_bg":"","ocean_menu_social_hover_links_bg":"","ocean_menu_social_links_color":"","ocean_menu_social_hover_links_color":"","ocean_disable_title":"default","ocean_disable_heading":"default","ocean_post_title":"","ocean_post_subheading":"","ocean_post_title_style":"","ocean_post_title_background_color":"","ocean_post_title_background":0,"ocean_post_title_bg_image_position":"","ocean_post_title_bg_image_attachment":"","ocean_post_title_bg_image_repeat":"","ocean_post_title_bg_image_size":"","ocean_post_title_height":0,"ocean_post_title_bg_overlay":0.5,"ocean_post_title_bg_overlay_color":"","ocean_disable_breadcrumbs":"default","ocean_breadcrumbs_color":"","ocean_breadcrumbs_separator_color":"","ocean_breadcrumbs_links_color":"","ocean_breadcrumbs_links_hover_color":"","ocean_display_footer_widgets":"default","ocean_display_footer_bottom":"default","ocean_custom_footer_template":"","footnotes":""},"class_list":["post-781","page","type-page","status-publish","hentry","entry"],"_links":{"self":[{"href":"https:\/\/sandoba.fr\/index.php\/wp-json\/wp\/v2\/pages\/781","targetHints":{"allow":["GET"]}}],"collection":[{"href":"https:\/\/sandoba.fr\/index.php\/wp-json\/wp\/v2\/pages"}],"about":[{"href":"https:\/\/sandoba.fr\/index.php\/wp-json\/wp\/v2\/types\/page"}],"author":[{"embeddable":true,"href":"https:\/\/sandoba.fr\/index.php\/wp-json\/wp\/v2\/users\/1"}],"replies":[{"embeddable":true,"href":"https:\/\/sandoba.fr\/index.php\/wp-json\/wp\/v2\/comments?post=781"}],"version-history":[{"count":10,"href":"https:\/\/sandoba.fr\/index.php\/wp-json\/wp\/v2\/pages\/781\/revisions"}],"predecessor-version":[{"id":836,"href":"https:\/\/sandoba.fr\/index.php\/wp-json\/wp\/v2\/pages\/781\/revisions\/836"}],"wp:attachment":[{"href":"https:\/\/sandoba.fr\/index.php\/wp-json\/wp\/v2\/media?parent=781"}],"curies":[{"name":"wp","href":"https:\/\/api.w.org\/{rel}","templated":true}]}}